{"id":9,"date":"2024-02-07T22:55:32","date_gmt":"2024-02-07T21:55:32","guid":{"rendered":"https:\/\/aloueneenharmonie.fr\/?page_id=9"},"modified":"2024-03-03T18:39:42","modified_gmt":"2024-03-03T17:39:42","slug":"bienvenue-sur-alouene-en-harmonie","status":"publish","type":"page","link":"https:\/\/aloueneenharmonie.fr\/","title":{"rendered":"Bienvenue sur Alou\u00e8ne en Harmonie"},"content":{"rendered":"\n<h4 class=\"wp-block-heading\">Explorez le pouvoir de la gu\u00e9rison naturelle<\/h4>\n\n\n\n<p>Votre destination pour d\u00e9couvrir les bienfaits du micro massage cr\u00e2nien, de l&#8217;\u00e9nerg\u00e9tique et du soin Lahochi. Je suis d\u00e9di\u00e9e \u00e0 votre bien-\u00eatre physique, mental et \u00e9motionnel en vous offrant des pratiques holistiques et th\u00e9rapeutiques qui vous aideront \u00e0 retrouver l&#8217;harmonie int\u00e9rieure et \u00e0 r\u00e9v\u00e9ler votre plein potentiel.<\/p>\n\n\n\n<p>Je me suis souvent demand\u00e9e dans ma vie de maman, \u00e9pouse, en tant&nbsp;qu\u2019employ\u00e9e d\u00e9vou\u00e9e pendant 20 ans o\u00f9 est notre espace int\u00e9rieur.<\/p>\n\n\n\n<p>Notre vie moderne nous&nbsp;a fait perdre la notion de soi, on sait prendre soin des autres, mais&nbsp;prendre soin de soi, prendre du temps pour soi, retrouver son enfant int\u00e9rieur devient difficile de nos jours.<\/p>\n\n\n\n<p>De nos vies actuelles ou pass\u00e9es, de nos peurs, de nos exp\u00e9riences parfois difficiles, nous nous cr\u00e9ons du stress, des souffrances, des malaises, des maux.<\/p>\n\n\n\n<p>Cette reconnexion est devenue une n\u00e9cessit\u00e9, une \u00e9vidence, il est temps pour nous toutes et tous d\u2019en prendre conscience et ainsi se sentir plus aligner avec notre moi profond, s\u2019aligner pour retrouver une vie en <strong><em><u>Harmonie<\/u><\/em><\/strong>.<\/p>\n\n\n\n<p><\/p>\n\n\n\n<p><\/p>\n","protected":false},"excerpt":{"rendered":"<p>Explorez le pouvoir de la gu\u00e9rison naturelle Votre destination pour d\u00e9couvrir les bienfaits du micro massage cr\u00e2nien, de l&#8217;\u00e9nerg\u00e9tique et du soin Lahochi. Je suis d\u00e9di\u00e9e \u00e0 votre bien-\u00eatre physique, mental et \u00e9motionnel en vous offrant des pratiques holistiques et th\u00e9rapeutiques qui vous aideront \u00e0 retrouver l&#8217;harmonie int\u00e9rieure et \u00e0 r\u00e9v\u00e9ler votre plein potentiel. Je [&hellip;]<\/p>\n","protected":false},"author":1,"featured_media":0,"parent":0,"menu_order":0,"comment_status":"closed","ping_status":"closed","template":"","meta":{"_monsterinsights_skip_tracking":false,"_monsterinsights_sitenote_active":false,"_monsterinsights_sitenote_note":"","_monsterinsights_sitenote_category":0,"ocean_post_layout":"","ocean_both_sidebars_style":"","ocean_both_sidebars_content_width":0,"ocean_both_sidebars_sidebars_width":0,"ocean_sidebar":"","ocean_second_sidebar":"","ocean_disable_margins":"enable","ocean_add_body_class":"","ocean_shortcode_before_top_bar":"","ocean_shortcode_after_top_bar":"","ocean_shortcode_before_header":"","ocean_shortcode_after_header":"","ocean_has_shortcode":"","ocean_shortcode_after_title":"","ocean_shortcode_before_footer_widgets":"","ocean_shortcode_after_footer_widgets":"","ocean_shortcode_before_footer_bottom":"","ocean_shortcode_after_footer_bottom":"","ocean_display_top_bar":"default","ocean_display_header":"default","ocean_header_style":"","ocean_center_header_left_menu":"","ocean_custom_header_template":"","ocean_custom_logo":0,"ocean_custom_retina_logo":0,"ocean_custom_logo_max_width":0,"ocean_custom_logo_tablet_max_width":0,"ocean_custom_logo_mobile_max_width":0,"ocean_custom_logo_max_height":0,"ocean_custom_logo_tablet_max_height":0,"ocean_custom_logo_mobile_max_height":0,"ocean_header_custom_menu":"","ocean_menu_typo_font_family":"","ocean_menu_typo_font_subset":"","ocean_menu_typo_font_size":0,"ocean_menu_typo_font_size_tablet":0,"ocean_menu_typo_font_size_mobile":0,"ocean_menu_typo_font_size_unit":"px","ocean_menu_typo_font_weight":"","ocean_menu_typo_font_weight_tablet":"","ocean_menu_typo_font_weight_mobile":"","ocean_menu_typo_transform":"","ocean_menu_typo_transform_tablet":"","ocean_menu_typo_transform_mobile":"","ocean_menu_typo_line_height":0,"ocean_menu_typo_line_height_tablet":0,"ocean_menu_typo_line_height_mobile":0,"ocean_menu_typo_line_height_unit":"","ocean_menu_typo_spacing":0,"ocean_menu_typo_spacing_tablet":0,"ocean_menu_typo_spacing_mobile":0,"ocean_menu_typo_spacing_unit":"","ocean_menu_link_color":"","ocean_menu_link_color_hover":"","ocean_menu_link_color_active":"","ocean_menu_link_background":"","ocean_menu_link_hover_background":"","ocean_menu_link_active_background":"","ocean_menu_social_links_bg":"","ocean_menu_social_hover_links_bg":"","ocean_menu_social_links_color":"","ocean_menu_social_hover_links_color":"","ocean_disable_title":"default","ocean_disable_heading":"default","ocean_post_title":"","ocean_post_subheading":"","ocean_post_title_style":"","ocean_post_title_background_color":"","ocean_post_title_background":0,"ocean_post_title_bg_image_position":"","ocean_post_title_bg_image_attachment":"","ocean_post_title_bg_image_repeat":"","ocean_post_title_bg_image_size":"","ocean_post_title_height":0,"ocean_post_title_bg_overlay":0.5,"ocean_post_title_bg_overlay_color":"","ocean_disable_breadcrumbs":"default","ocean_breadcrumbs_color":"","ocean_breadcrumbs_separator_color":"","ocean_breadcrumbs_links_color":"","ocean_breadcrumbs_links_hover_color":"","ocean_display_footer_widgets":"default","ocean_display_footer_bottom":"default","ocean_custom_footer_template":"","footnotes":""},"class_list":["post-9","page","type-page","status-publish","hentry","entry"],"aioseo_notices":[],"_links":{"self":[{"href":"https:\/\/aloueneenharmonie.fr\/index.php?rest_route=\/wp\/v2\/pages\/9","targetHints":{"allow":["GET"]}}],"collection":[{"href":"https:\/\/aloueneenharmonie.fr\/index.php?rest_route=\/wp\/v2\/pages"}],"about":[{"href":"https:\/\/aloueneenharmonie.fr\/index.php?rest_route=\/wp\/v2\/types\/page"}],"author":[{"embeddable":true,"href":"https:\/\/aloueneenharmonie.fr\/index.php?rest_route=\/wp\/v2\/users\/1"}],"replies":[{"embeddable":true,"href":"https:\/\/aloueneenharmonie.fr\/index.php?rest_route=%2Fwp%2Fv2%2Fcomments&post=9"}],"version-history":[{"count":4,"href":"https:\/\/aloueneenharmonie.fr\/index.php?rest_route=\/wp\/v2\/pages\/9\/revisions"}],"predecessor-version":[{"id":82,"href":"https:\/\/aloueneenharmonie.fr\/index.php?rest_route=\/wp\/v2\/pages\/9\/revisions\/82"}],"wp:attachment":[{"href":"https:\/\/aloueneenharmonie.fr\/index.php?rest_route=%2Fwp%2Fv2%2Fmedia&parent=9"}],"curies":[{"name":"wp","href":"https:\/\/api.w.org\/{rel}","templated":true}]}}