{"id":52,"date":"2024-02-07T23:25:02","date_gmt":"2024-02-07T22:25:02","guid":{"rendered":"https:\/\/aloueneenharmonie.fr\/?page_id=52"},"modified":"2024-03-03T19:12:12","modified_gmt":"2024-03-03T18:12:12","slug":"soins-lahochi","status":"publish","type":"page","link":"https:\/\/aloueneenharmonie.fr\/?page_id=52","title":{"rendered":"Soins Lahochi"},"content":{"rendered":"\n<p><strong><em>La\u00a0<\/em><\/strong>pour <em>lumi\u00e8re<\/em>\u00a0 <strong><em>ho<\/em><\/strong> pour <em>mouvement de l\u2019\u00e9nergie<\/em>\u00a0 <strong><em>ch<\/em>i<\/strong> pour <em>force de vie<\/em><\/p>\n\n\n\n<p>Le <em>Lahochi <\/em>est une technique \u00e9nerg\u00e9tique de soins puissante transmise par apposition des mains \u00e0 des endroits cl\u00e9s du corps.<\/p>\n\n\n\n<div class=\"wp-block-group\"><div class=\"wp-block-group__inner-container is-layout-constrained wp-block-group-is-layout-constrained\">\n<p>&nbsp;L\u2019\u00e9nergie circule dans l\u2019ensemble du corps pour lib\u00e9rer les tensions et favoriser l\u2019\u00e9quilibre \u00e9nerg\u00e9tique.<\/p>\n\n\n\n<p>Les bienfaits du Lahochi&nbsp;:<\/p>\n<\/div><\/div>\n\n\n\n<ul class=\"wp-block-list\">\n<li>Am\u00e9liore la circulation de l\u2019\u00e9nergie dans le corps<\/li>\n\n\n\n<li>Revitalise le corps et l\u2019esprit<\/li>\n\n\n\n<li>Agit sur le plan mental, physique et \u00e9motionnel<\/li>\n\n\n\n<li>Soulage le stress et peut diminuer certaine douleur<\/li>\n\n\n\n<li>Apporte un bien \u00eatre g\u00e9n\u00e9ral<\/li>\n\n\n\n<li>Aide au d\u00e9veloppement de l\u2019intuition.<\/li>\n<\/ul>\n","protected":false},"excerpt":{"rendered":"<p>La\u00a0pour lumi\u00e8re\u00a0 ho pour mouvement de l\u2019\u00e9nergie\u00a0 chi pour force de vie Le Lahochi est une technique \u00e9nerg\u00e9tique de soins puissante transmise par apposition des mains \u00e0 des endroits cl\u00e9s du corps. &nbsp;L\u2019\u00e9nergie circule dans l\u2019ensemble du corps pour lib\u00e9rer les tensions et favoriser l\u2019\u00e9quilibre \u00e9nerg\u00e9tique. Les bienfaits du Lahochi&nbsp;:<\/p>\n","protected":false},"author":1,"featured_media":0,"parent":0,"menu_order":0,"comment_status":"closed","ping_status":"closed","template":"","meta":{"_monsterinsights_skip_tracking":false,"_monsterinsights_sitenote_active":false,"_monsterinsights_sitenote_note":"","_monsterinsights_sitenote_category":0,"ocean_post_layout":"","ocean_both_sidebars_style":"","ocean_both_sidebars_content_width":0,"ocean_both_sidebars_sidebars_width":0,"ocean_sidebar":"","ocean_second_sidebar":"","ocean_disable_margins":"enable","ocean_add_body_class":"","ocean_shortcode_before_top_bar":"","ocean_shortcode_after_top_bar":"","ocean_shortcode_before_header":"","ocean_shortcode_after_header":"","ocean_has_shortcode":"","ocean_shortcode_after_title":"","ocean_shortcode_before_footer_widgets":"","ocean_shortcode_after_footer_widgets":"","ocean_shortcode_before_footer_bottom":"","ocean_shortcode_after_footer_bottom":"","ocean_display_top_bar":"default","ocean_display_header":"default","ocean_header_style":"","ocean_center_header_left_menu":"","ocean_custom_header_template":"","ocean_custom_logo":0,"ocean_custom_retina_logo":0,"ocean_custom_logo_max_width":0,"ocean_custom_logo_tablet_max_width":0,"ocean_custom_logo_mobile_max_width":0,"ocean_custom_logo_max_height":0,"ocean_custom_logo_tablet_max_height":0,"ocean_custom_logo_mobile_max_height":0,"ocean_header_custom_menu":"","ocean_menu_typo_font_family":"","ocean_menu_typo_font_subset":"","ocean_menu_typo_font_size":0,"ocean_menu_typo_font_size_tablet":0,"ocean_menu_typo_font_size_mobile":0,"ocean_menu_typo_font_size_unit":"px","ocean_menu_typo_font_weight":"","ocean_menu_typo_font_weight_tablet":"","ocean_menu_typo_font_weight_mobile":"","ocean_menu_typo_transform":"","ocean_menu_typo_transform_tablet":"","ocean_menu_typo_transform_mobile":"","ocean_menu_typo_line_height":0,"ocean_menu_typo_line_height_tablet":0,"ocean_menu_typo_line_height_mobile":0,"ocean_menu_typo_line_height_unit":"","ocean_menu_typo_spacing":0,"ocean_menu_typo_spacing_tablet":0,"ocean_menu_typo_spacing_mobile":0,"ocean_menu_typo_spacing_unit":"","ocean_menu_link_color":"","ocean_menu_link_color_hover":"","ocean_menu_link_color_active":"","ocean_menu_link_background":"","ocean_menu_link_hover_background":"","ocean_menu_link_active_background":"","ocean_menu_social_links_bg":"","ocean_menu_social_hover_links_bg":"","ocean_menu_social_links_color":"","ocean_menu_social_hover_links_color":"","ocean_disable_title":"default","ocean_disable_heading":"default","ocean_post_title":"","ocean_post_subheading":"","ocean_post_title_style":"","ocean_post_title_background_color":"","ocean_post_title_background":0,"ocean_post_title_bg_image_position":"","ocean_post_title_bg_image_attachment":"","ocean_post_title_bg_image_repeat":"","ocean_post_title_bg_image_size":"","ocean_post_title_height":0,"ocean_post_title_bg_overlay":0.5,"ocean_post_title_bg_overlay_color":"","ocean_disable_breadcrumbs":"default","ocean_breadcrumbs_color":"","ocean_breadcrumbs_separator_color":"","ocean_breadcrumbs_links_color":"","ocean_breadcrumbs_links_hover_color":"","ocean_display_footer_widgets":"default","ocean_display_footer_bottom":"default","ocean_custom_footer_template":"","footnotes":""},"class_list":["post-52","page","type-page","status-publish","hentry","entry"],"aioseo_notices":[],"_links":{"self":[{"href":"https:\/\/aloueneenharmonie.fr\/index.php?rest_route=\/wp\/v2\/pages\/52","targetHints":{"allow":["GET"]}}],"collection":[{"href":"https:\/\/aloueneenharmonie.fr\/index.php?rest_route=\/wp\/v2\/pages"}],"about":[{"href":"https:\/\/aloueneenharmonie.fr\/index.php?rest_route=\/wp\/v2\/types\/page"}],"author":[{"embeddable":true,"href":"https:\/\/aloueneenharmonie.fr\/index.php?rest_route=\/wp\/v2\/users\/1"}],"replies":[{"embeddable":true,"href":"https:\/\/aloueneenharmonie.fr\/index.php?rest_route=%2Fwp%2Fv2%2Fcomments&post=52"}],"version-history":[{"count":2,"href":"https:\/\/aloueneenharmonie.fr\/index.php?rest_route=\/wp\/v2\/pages\/52\/revisions"}],"predecessor-version":[{"id":86,"href":"https:\/\/aloueneenharmonie.fr\/index.php?rest_route=\/wp\/v2\/pages\/52\/revisions\/86"}],"wp:attachment":[{"href":"https:\/\/aloueneenharmonie.fr\/index.php?rest_route=%2Fwp%2Fv2%2Fmedia&parent=52"}],"curies":[{"name":"wp","href":"https:\/\/api.w.org\/{rel}","templated":true}]}}