{"id":48,"date":"2024-02-07T23:23:22","date_gmt":"2024-02-07T22:23:22","guid":{"rendered":"https:\/\/aloueneenharmonie.fr\/?page_id=48"},"modified":"2024-03-03T19:28:15","modified_gmt":"2024-03-03T18:28:15","slug":"micro-massage-cranien","status":"publish","type":"page","link":"https:\/\/aloueneenharmonie.fr\/?page_id=48","title":{"rendered":"Micro Massage cr\u00e2nien"},"content":{"rendered":"\n<p>Ce massage permet de relancer le m\u00e9canisme interne fluidique par des mouvements et de petites pressions. Il s&#8217;agit d&#8217;un micro massage par des <strong>manipulations douces<\/strong> sur diff\u00e9rentes zones du cr\u00e2ne. Le Massage cr\u00e2nien par micro pression est une pratique issue de l&#8217;ost\u00e9opathie \u00e9nerg\u00e9tique. Le but est de r\u00e9tablir l\u2019harmonie en restaurant le mouvement respiratoire primaire. Ce mouvement respiratoire primaire provient d&#8217;une articulation peu mobile \u00e0 la base du cr\u00e2ne et li\u00e9e au liquide c\u00e9phalo-rachidien.<\/p>\n\n\n\n<p>On agira \u00e9galement au niveau des sutures ost\u00e9o-cr\u00e2niennes pour relancer la mobilit\u00e9 et la <strong>respiration intracr\u00e2nienne<\/strong>.<\/p>\n\n\n\n<p>Les l\u00e9g\u00e8res manipulations ont un effet sur :<\/p>\n\n\n\n<ul class=\"wp-block-list\">\n<li>La circulation sanguine et celle du liquide c\u00e9phalo-rachidien.<\/li>\n\n\n\n<li>La d\u00e9contraction musculaire et nerveuse.<\/li>\n\n\n\n<li>La mobilit\u00e9 et la respiration intracr\u00e2nienne am\u00e9lior\u00e9es.<\/li>\n\n\n\n<li>La circulation d\u2019\u00e9nergie, est relanc\u00e9e.<\/li>\n\n\n\n<li>R\u00e9duit la fatigue nerveuse, les maux de t\u00eate\/migraine, cervicalgie, &#8230;.<\/li>\n<\/ul>\n\n\n\n<p>Ainsi vous ressentirez comme une respiration qui red\u00e9marre, dans le cerveau et la colonne vert\u00e9brale. Clart\u00e9, d\u00e9tente, calme, bien-\u00eatre, fin des maux de t\u00eate, chaleur et diminution des douleurs dues aux tensions, sont des mots exprim\u00e9s par les personnes.<\/p>\n","protected":false},"excerpt":{"rendered":"<p>Ce massage permet de relancer le m\u00e9canisme interne fluidique par des mouvements et de petites pressions. Il s&#8217;agit d&#8217;un micro massage par des manipulations douces sur diff\u00e9rentes zones du cr\u00e2ne. Le Massage cr\u00e2nien par micro pression est une pratique issue de l&#8217;ost\u00e9opathie \u00e9nerg\u00e9tique. Le but est de r\u00e9tablir l\u2019harmonie en restaurant le mouvement respiratoire primaire. [&hellip;]<\/p>\n","protected":false},"author":1,"featured_media":0,"parent":0,"menu_order":0,"comment_status":"closed","ping_status":"closed","template":"","meta":{"_monsterinsights_skip_tracking":false,"_monsterinsights_sitenote_active":false,"_monsterinsights_sitenote_note":"","_monsterinsights_sitenote_category":0,"ocean_post_layout":"","ocean_both_sidebars_style":"","ocean_both_sidebars_content_width":0,"ocean_both_sidebars_sidebars_width":0,"ocean_sidebar":"","ocean_second_sidebar":"","ocean_disable_margins":"enable","ocean_add_body_class":"","ocean_shortcode_before_top_bar":"","ocean_shortcode_after_top_bar":"","ocean_shortcode_before_header":"","ocean_shortcode_after_header":"","ocean_has_shortcode":"","ocean_shortcode_after_title":"","ocean_shortcode_before_footer_widgets":"","ocean_shortcode_after_footer_widgets":"","ocean_shortcode_before_footer_bottom":"","ocean_shortcode_after_footer_bottom":"","ocean_display_top_bar":"default","ocean_display_header":"default","ocean_header_style":"","ocean_center_header_left_menu":"","ocean_custom_header_template":"","ocean_custom_logo":0,"ocean_custom_retina_logo":0,"ocean_custom_logo_max_width":0,"ocean_custom_logo_tablet_max_width":0,"ocean_custom_logo_mobile_max_width":0,"ocean_custom_logo_max_height":0,"ocean_custom_logo_tablet_max_height":0,"ocean_custom_logo_mobile_max_height":0,"ocean_header_custom_menu":"","ocean_menu_typo_font_family":"","ocean_menu_typo_font_subset":"","ocean_menu_typo_font_size":0,"ocean_menu_typo_font_size_tablet":0,"ocean_menu_typo_font_size_mobile":0,"ocean_menu_typo_font_size_unit":"px","ocean_menu_typo_font_weight":"","ocean_menu_typo_font_weight_tablet":"","ocean_menu_typo_font_weight_mobile":"","ocean_menu_typo_transform":"","ocean_menu_typo_transform_tablet":"","ocean_menu_typo_transform_mobile":"","ocean_menu_typo_line_height":0,"ocean_menu_typo_line_height_tablet":0,"ocean_menu_typo_line_height_mobile":0,"ocean_menu_typo_line_height_unit":"","ocean_menu_typo_spacing":0,"ocean_menu_typo_spacing_tablet":0,"ocean_menu_typo_spacing_mobile":0,"ocean_menu_typo_spacing_unit":"","ocean_menu_link_color":"","ocean_menu_link_color_hover":"","ocean_menu_link_color_active":"","ocean_menu_link_background":"","ocean_menu_link_hover_background":"","ocean_menu_link_active_background":"","ocean_menu_social_links_bg":"","ocean_menu_social_hover_links_bg":"","ocean_menu_social_links_color":"","ocean_menu_social_hover_links_color":"","ocean_disable_title":"default","ocean_disable_heading":"default","ocean_post_title":"","ocean_post_subheading":"","ocean_post_title_style":"","ocean_post_title_background_color":"","ocean_post_title_background":0,"ocean_post_title_bg_image_position":"","ocean_post_title_bg_image_attachment":"","ocean_post_title_bg_image_repeat":"","ocean_post_title_bg_image_size":"","ocean_post_title_height":0,"ocean_post_title_bg_overlay":0.5,"ocean_post_title_bg_overlay_color":"","ocean_disable_breadcrumbs":"default","ocean_breadcrumbs_color":"","ocean_breadcrumbs_separator_color":"","ocean_breadcrumbs_links_color":"","ocean_breadcrumbs_links_hover_color":"","ocean_display_footer_widgets":"default","ocean_display_footer_bottom":"default","ocean_custom_footer_template":"","footnotes":""},"class_list":["post-48","page","type-page","status-publish","hentry","entry"],"aioseo_notices":[],"_links":{"self":[{"href":"https:\/\/aloueneenharmonie.fr\/index.php?rest_route=\/wp\/v2\/pages\/48","targetHints":{"allow":["GET"]}}],"collection":[{"href":"https:\/\/aloueneenharmonie.fr\/index.php?rest_route=\/wp\/v2\/pages"}],"about":[{"href":"https:\/\/aloueneenharmonie.fr\/index.php?rest_route=\/wp\/v2\/types\/page"}],"author":[{"embeddable":true,"href":"https:\/\/aloueneenharmonie.fr\/index.php?rest_route=\/wp\/v2\/users\/1"}],"replies":[{"embeddable":true,"href":"https:\/\/aloueneenharmonie.fr\/index.php?rest_route=%2Fwp%2Fv2%2Fcomments&post=48"}],"version-history":[{"count":3,"href":"https:\/\/aloueneenharmonie.fr\/index.php?rest_route=\/wp\/v2\/pages\/48\/revisions"}],"predecessor-version":[{"id":88,"href":"https:\/\/aloueneenharmonie.fr\/index.php?rest_route=\/wp\/v2\/pages\/48\/revisions\/88"}],"wp:attachment":[{"href":"https:\/\/aloueneenharmonie.fr\/index.php?rest_route=%2Fwp%2Fv2%2Fmedia&parent=48"}],"curies":[{"name":"wp","href":"https:\/\/api.w.org\/{rel}","templated":true}]}}